{"id":33,"date":"2026-05-11T21:58:34","date_gmt":"2026-05-12T02:58:34","guid":{"rendered":"https:\/\/printingdelconosur.com\/?page_id=33"},"modified":"2026-05-12T17:27:31","modified_gmt":"2026-05-12T22:27:31","slug":"inicio","status":"publish","type":"page","link":"https:\/\/printingdelconosur.com\/","title":{"rendered":"Inicio"},"content":{"rendered":"\t\t<div data-elementor-type=\"wp-page\" data-elementor-id=\"33\" class=\"elementor elementor-33\">\n\t\t\t\t<div class=\"elementor-element elementor-element-d6904fc e-flex e-con-boxed e-con e-parent\" data-id=\"d6904fc\" data-element_type=\"container\" data-e-type=\"container\" data-settings=\"{&quot;background_background&quot;:&quot;classic&quot;}\">\n\t\t\t\t\t<div class=\"e-con-inner\">\n\t\t\t\t<div class=\"elementor-element elementor-element-7c85fe8 elementor-widget elementor-widget-iheading\" data-id=\"7c85fe8\" data-element_type=\"widget\" data-e-type=\"widget\" data-widget_type=\"iheading.default\">\n\t\t\t\t<div class=\"elementor-widget-container\">\n\t\t\t\t\t\t\t<div class=\"ot-heading\">\r\n\t        \t        <h2 class=\"main-head\">Soluciones integrales en impresi\u00f3n y producci\u00f3n gr\u00e1fica<\/h2>\t    <\/div>\r\n\t    \t\t\t\t<\/div>\n\t\t\t\t<\/div>\n\t\t\t\t<div class=\"elementor-element elementor-element-33304bf elementor-widget-divider--view-line elementor-widget elementor-widget-divider\" data-id=\"33304bf\" data-element_type=\"widget\" data-e-type=\"widget\" data-widget_type=\"divider.default\">\n\t\t\t\t\t\t\t<div class=\"elementor-divider\">\n\t\t\t<span class=\"elementor-divider-separator\">\n\t\t\t\t\t\t<\/span>\n\t\t<\/div>\n\t\t\t\t\t\t<\/div>\n\t\t\t\t<div class=\"elementor-element elementor-element-504c041 elementor-widget elementor-widget-text-editor\" data-id=\"504c041\" data-element_type=\"widget\" data-e-type=\"widget\" data-widget_type=\"text-editor.default\">\n\t\t\t\t\t\t\t\t\t<p>Editorial, impresi\u00f3n digital, offset, gran formato y promocionales con calidad profesional.<\/p>\t\t\t\t\t\t\t\t<\/div>\n\t\t<div class=\"elementor-element elementor-element-5529d1a e-con-full e-flex e-con e-child\" data-id=\"5529d1a\" data-element_type=\"container\" data-e-type=\"container\">\n\t\t\t\t<div class=\"elementor-element elementor-element-0bb9806 elementor-widget elementor-widget-button\" data-id=\"0bb9806\" data-element_type=\"widget\" data-e-type=\"widget\" data-widget_type=\"button.default\">\n\t\t\t\t\t\t\t\t\t\t<a class=\"elementor-button elementor-button-link elementor-size-sm\" href=\"#\">\n\t\t\t\t\t\t<span class=\"elementor-button-content-wrapper\">\n\t\t\t\t\t\t\t\t\t<span class=\"elementor-button-text\">Cotizar ahora<\/span>\n\t\t\t\t\t<\/span>\n\t\t\t\t\t<\/a>\n\t\t\t\t\t\t\t\t<\/div>\n\t\t\t\t<div class=\"elementor-element elementor-element-091f639 elementor-widget elementor-widget-button\" data-id=\"091f639\" data-element_type=\"widget\" data-e-type=\"widget\" data-widget_type=\"button.default\">\n\t\t\t\t\t\t\t\t\t\t<a class=\"elementor-button elementor-button-link elementor-size-sm\" href=\"#\">\n\t\t\t\t\t\t<span class=\"elementor-button-content-wrapper\">\n\t\t\t\t\t\t\t\t\t<span class=\"elementor-button-text\">Ver servicios<\/span>\n\t\t\t\t\t<\/span>\n\t\t\t\t\t<\/a>\n\t\t\t\t\t\t\t\t<\/div>\n\t\t\t\t<\/div>\n\t\t\t\t\t<\/div>\n\t\t\t\t<\/div>\n\t\t<div class=\"elementor-element elementor-element-cdc3085 e-con-full e-flex e-con e-parent\" data-id=\"cdc3085\" data-element_type=\"container\" data-e-type=\"container\">\n\t\t\t\t<div class=\"elementor-element elementor-element-837499f elementor-widget elementor-widget-ifearuresservice\" data-id=\"837499f\" data-element_type=\"widget\" data-e-type=\"widget\" data-widget_type=\"ifearuresservice.default\">\n\t\t\t\t<div class=\"elementor-widget-container\">\n\t\t\t\t\t\t\t<div class=\"features-service-wrapper\">\r\n\t\t\t\t\t\t\t\t<div class=\"features-service-item\" data-default=\"yes\">\r\n\t\t\t\t\t\t<div class=\"features-service-content\">\r\n\t\t\t\t\t\t\t<div class=\"features-service-title\">\r\n\t\t\t\t\t\t\t\t<span class=\"features-service-number\"><\/span>\r\n\t\t\t\t\t\t\t\t<h4>Editorial<\/h4>\r\n\t\t\t\t\t\t\t<\/div>\r\n\t\t\t\t\t\t\t<div class=\"features-service-desc\">\r\n\t\t\t\t\t\t\t\t<p>Producci\u00f3n editorial profesional para libros, revistas, cat\u00e1logos y material corporativo.<\/p>\t\t\t\t\t\t\t<\/div>\r\n\t\t\t\t\t\t\t\t\t\t\t\t\t\t<div class=\"flex-middle features-service-link\">\r\n\t\t\t\t\t\t\t\t<a href=\"#\" class=\"btn-details btn-text-indent\">\r\n\t\t\t\t\t\t\t\t\t<span class=\"btn-text\">Ver Servicio<\/span>\r\n\t\t\t\t\t\t\t\t\t<i class=\"ot-flaticon-trajectory\"><\/i>\r\n\t\t\t\t\t\t\t\t<\/a>\r\n\t\t\t\t\t\t\t<\/div>\r\n\t\t\t\t\t\t\t\t\t\t\t\t\t\t<div class=\"features-service-overlay\"><\/div>\r\n\t\t\t\t\t\t<\/div>\r\n\t\t\t\t\t\t<div class=\"features-service-img-reposive\" style=\"background-image: url()\"><\/div>\r\n\t\t\t\t\t<\/div>\r\n\t\t\t\t\t<figure class=\"features-service-img\">\r\n\t\t\t\t\t\t\t\t\t\t\t<\/figure>\r\n\t\t\t\t\t\t\t\t<div class=\"features-service-item\" >\r\n\t\t\t\t\t\t<div class=\"features-service-content\">\r\n\t\t\t\t\t\t\t<div class=\"features-service-title\">\r\n\t\t\t\t\t\t\t\t<span class=\"features-service-number\"><\/span>\r\n\t\t\t\t\t\t\t\t<h4>Digital y Offset<\/h4>\r\n\t\t\t\t\t\t\t<\/div>\r\n\t\t\t\t\t\t\t<div class=\"features-service-desc\">\r\n\t\t\t\t\t\t\t\t<p>Impresiones de alta calidad para peque\u00f1as y grandes producciones.<\/p>\t\t\t\t\t\t\t<\/div>\r\n\t\t\t\t\t\t\t\t\t\t\t\t\t\t<div class=\"flex-middle features-service-link\">\r\n\t\t\t\t\t\t\t\t<a href=\"#\" class=\"btn-details btn-text-indent\">\r\n\t\t\t\t\t\t\t\t\t<span class=\"btn-text\">Ver Servicio<\/span>\r\n\t\t\t\t\t\t\t\t\t<i class=\"ot-flaticon-trajectory\"><\/i>\r\n\t\t\t\t\t\t\t\t<\/a>\r\n\t\t\t\t\t\t\t<\/div>\r\n\t\t\t\t\t\t\t\t\t\t\t\t\t\t<div class=\"features-service-overlay\"><\/div>\r\n\t\t\t\t\t\t<\/div>\r\n\t\t\t\t\t\t<div class=\"features-service-img-reposive\" style=\"background-image: url()\"><\/div>\r\n\t\t\t\t\t<\/div>\r\n\t\t\t\t\t<figure class=\"features-service-img\">\r\n\t\t\t\t\t\t\t\t\t\t\t<\/figure>\r\n\t\t\t\t\t\t\t\t<div class=\"features-service-item\" >\r\n\t\t\t\t\t\t<div class=\"features-service-content\">\r\n\t\t\t\t\t\t\t<div class=\"features-service-title\">\r\n\t\t\t\t\t\t\t\t<span class=\"features-service-number\"><\/span>\r\n\t\t\t\t\t\t\t\t<h4>Gran Formato<\/h4>\r\n\t\t\t\t\t\t\t<\/div>\r\n\t\t\t\t\t\t\t<div class=\"features-service-desc\">\r\n\t\t\t\t\t\t\t\t<p>Banners, se\u00f1alizaci\u00f3n, vinilos y piezas visuales de gran impacto.<\/p>\t\t\t\t\t\t\t<\/div>\r\n\t\t\t\t\t\t\t\t\t\t\t\t\t\t<div class=\"flex-middle features-service-link\">\r\n\t\t\t\t\t\t\t\t<a href=\"#\" class=\"btn-details btn-text-indent\">\r\n\t\t\t\t\t\t\t\t\t<span class=\"btn-text\">Ver Servicio<\/span>\r\n\t\t\t\t\t\t\t\t\t<i class=\"ot-flaticon-trajectory\"><\/i>\r\n\t\t\t\t\t\t\t\t<\/a>\r\n\t\t\t\t\t\t\t<\/div>\r\n\t\t\t\t\t\t\t\t\t\t\t\t\t\t<div class=\"features-service-overlay\"><\/div>\r\n\t\t\t\t\t\t<\/div>\r\n\t\t\t\t\t\t<div class=\"features-service-img-reposive\" style=\"background-image: url()\"><\/div>\r\n\t\t\t\t\t<\/div>\r\n\t\t\t\t\t<figure class=\"features-service-img\">\r\n\t\t\t\t\t\t\t\t\t\t\t<\/figure>\r\n\t\t\t\t\t\t\t\t<div class=\"features-service-item\" >\r\n\t\t\t\t\t\t<div class=\"features-service-content\">\r\n\t\t\t\t\t\t\t<div class=\"features-service-title\">\r\n\t\t\t\t\t\t\t\t<span class=\"features-service-number\"><\/span>\r\n\t\t\t\t\t\t\t\t<h4>Promocionales<\/h4>\r\n\t\t\t\t\t\t\t<\/div>\r\n\t\t\t\t\t\t\t<div class=\"features-service-desc\">\r\n\t\t\t\t\t\t\t\t<p>Art\u00edculos personalizados para fortalecer tu marca y campa\u00f1as comerciales.<\/p>\t\t\t\t\t\t\t<\/div>\r\n\t\t\t\t\t\t\t\t\t\t\t\t\t\t<div class=\"flex-middle features-service-link\">\r\n\t\t\t\t\t\t\t\t<a href=\"#\" class=\"btn-details btn-text-indent\">\r\n\t\t\t\t\t\t\t\t\t<span class=\"btn-text\">Ver Servicio<\/span>\r\n\t\t\t\t\t\t\t\t\t<i class=\"ot-flaticon-trajectory\"><\/i>\r\n\t\t\t\t\t\t\t\t<\/a>\r\n\t\t\t\t\t\t\t<\/div>\r\n\t\t\t\t\t\t\t\t\t\t\t\t\t\t<div class=\"features-service-overlay\"><\/div>\r\n\t\t\t\t\t\t<\/div>\r\n\t\t\t\t\t\t<div class=\"features-service-img-reposive\" style=\"background-image: url()\"><\/div>\r\n\t\t\t\t\t<\/div>\r\n\t\t\t\t\t<figure class=\"features-service-img\">\r\n\t\t\t\t\t\t\t\t\t\t\t<\/figure>\r\n\t\t\t\t\t<\/div>\r\n\r\n\t    \t\t\t\t<\/div>\n\t\t\t\t<\/div>\n\t\t\t\t<\/div>\n\t\t<div class=\"elementor-element elementor-element-b4024c9 e-flex e-con-boxed e-con e-parent\" data-id=\"b4024c9\" data-element_type=\"container\" data-e-type=\"container\" id=\"editorial\">\n\t\t\t\t\t<div class=\"e-con-inner\">\n\t\t\t\t<div class=\"elementor-element elementor-element-2d8d16c elementor-widget elementor-widget-iheading\" data-id=\"2d8d16c\" data-element_type=\"widget\" data-e-type=\"widget\" data-widget_type=\"iheading.default\">\n\t\t\t\t<div class=\"elementor-widget-container\">\n\t\t\t\t\t\t\t<div class=\"ot-heading\">\r\n\t        \t        <h1 class=\"main-head\">Editorial<\/h1>\t    <\/div>\r\n\t    \t\t\t\t<\/div>\n\t\t\t\t<\/div>\n\t\t\t\t<div class=\"elementor-element elementor-element-9b3ad9d elementor-widget-divider--separator-type-pattern elementor-widget-divider--view-line elementor-widget elementor-widget-divider\" data-id=\"9b3ad9d\" data-element_type=\"widget\" data-e-type=\"widget\" data-widget_type=\"divider.default\">\n\t\t\t\t\t\t\t<div class=\"elementor-divider\" style=\"--divider-pattern-url: url(&quot;data:image\/svg+xml,%3Csvg xmlns=&#039;http:\/\/www.w3.org\/2000\/svg&#039; preserveAspectRatio=&#039;none&#039; overflow=&#039;visible&#039; height=&#039;100%&#039; viewBox=&#039;0 0 20 16&#039; fill=&#039;none&#039; stroke=&#039;black&#039; stroke-width=&#039;1&#039; stroke-linecap=&#039;square&#039; stroke-miterlimit=&#039;10&#039;%3E%3Cg transform=&#039;translate(-12.000000, 0)&#039;%3E%3Cpath d=&#039;M28,0L10,18&#039;\/%3E%3Cpath d=&#039;M18,0L0,18&#039;\/%3E%3Cpath d=&#039;M48,0L30,18&#039;\/%3E%3Cpath d=&#039;M38,0L20,18&#039;\/%3E%3C\/g%3E%3C\/svg%3E&quot;);\">\n\t\t\t<span class=\"elementor-divider-separator\">\n\t\t\t\t\t\t<\/span>\n\t\t<\/div>\n\t\t\t\t\t\t<\/div>\n\t\t\t\t<div class=\"elementor-element elementor-element-fba33e5 elementor-widget elementor-widget-text-editor\" data-id=\"fba33e5\" data-element_type=\"widget\" data-e-type=\"widget\" data-widget_type=\"text-editor.default\">\n\t\t\t\t\t\t\t\t\t<p>Producci\u00f3n editorial profesional para libros, revistas, cat\u00e1logos y material corporativo.<\/p>\t\t\t\t\t\t\t\t<\/div>\n\t\t\t\t<div class=\"elementor-element elementor-element-e37b0ef elementor-widget elementor-widget-iiboxcarousel\" data-id=\"e37b0ef\" data-element_type=\"widget\" data-e-type=\"widget\" data-widget_type=\"iiboxcarousel.default\">\n\t\t\t\t<div class=\"elementor-widget-container\">\n\t\t\t\t\t\t\t<div class=\"image-box-carousel\" data-loop=\"false\" data-auto=\"true\" data-time=\"7000\" data-arrows=\"false\" data-dots=\"true\" data-show=\"3\" data-tshow=\"3\" data-mshow=\"1\" data-gaps=\"30\" data-tgaps=\"30\" data-mgaps=\"30\">\r\n\t\t\t<div class=\"owl-carousel owl-theme\">\r\n\t\t\t\t\t\t\t\t<div class=\"ot-image-box\">\r\n\t\t\t\t\t<img decoding=\"async\" src=\"https:\/\/printingdelconosur.com\/wp-content\/uploads\/2026\/05\/editorial_1.jpg\" alt=\"Libro\">\t\t\t\t\t<div class=\"content-box\">\r\n\t\t\t\t\t\t<h5 class=\"title-box\">Libro<\/h5>\t\t\t\t\t\t\t\t\t\t\t<\/div>\r\n\t\t\t\t\t\t\t\t\t<\/div>\r\n\t\t\t\t\t\t\t\t<div class=\"ot-image-box\">\r\n\t\t\t\t\t<img decoding=\"async\" src=\"https:\/\/printingdelconosur.com\/wp-content\/uploads\/2026\/05\/editorial_3.jpg\" alt=\"Revista\">\t\t\t\t\t<div class=\"content-box\">\r\n\t\t\t\t\t\t<h5 class=\"title-box\">Revista<\/h5>\t\t\t\t\t\t\t\t\t\t\t<\/div>\r\n\t\t\t\t\t\t\t\t\t<\/div>\r\n\t\t\t\t\t\t\t\t<div class=\"ot-image-box\">\r\n\t\t\t\t\t<img decoding=\"async\" src=\"https:\/\/printingdelconosur.com\/wp-content\/uploads\/2026\/05\/editorial_2.jpg\" alt=\"Catalogo \/ Manual\">\t\t\t\t\t<div class=\"content-box\">\r\n\t\t\t\t\t\t<h5 class=\"title-box\">Catalogo \/ Manual<\/h5>\t\t\t\t\t\t\t\t\t\t\t<\/div>\r\n\t\t\t\t\t\t\t\t\t<\/div>\r\n\t\t\t\t\t\t\t<\/div>\r\n\t\t<\/div>\r\n\r\n\t    \t\t\t\t<\/div>\n\t\t\t\t<\/div>\n\t\t\t\t<div class=\"elementor-element elementor-element-62af1d2 elementor-align-center elementor-widget elementor-widget-button\" data-id=\"62af1d2\" data-element_type=\"widget\" data-e-type=\"widget\" data-widget_type=\"button.default\">\n\t\t\t\t\t\t\t\t\t\t<a class=\"elementor-button elementor-button-link elementor-size-sm\" href=\"#\">\n\t\t\t\t\t\t<span class=\"elementor-button-content-wrapper\">\n\t\t\t\t\t\t\t\t\t<span class=\"elementor-button-text\">Cotizar ahora<\/span>\n\t\t\t\t\t<\/span>\n\t\t\t\t\t<\/a>\n\t\t\t\t\t\t\t\t<\/div>\n\t\t\t\t\t<\/div>\n\t\t\t\t<\/div>\n\t\t<div class=\"elementor-element elementor-element-beecaea e-flex e-con-boxed e-con e-parent\" data-id=\"beecaea\" data-element_type=\"container\" data-e-type=\"container\" id=\"digital\">\n\t\t\t\t\t<div class=\"e-con-inner\">\n\t\t\t\t<div class=\"elementor-element elementor-element-a2cacdc elementor-widget elementor-widget-iheading\" data-id=\"a2cacdc\" data-element_type=\"widget\" data-e-type=\"widget\" data-widget_type=\"iheading.default\">\n\t\t\t\t<div class=\"elementor-widget-container\">\n\t\t\t\t\t\t\t<div class=\"ot-heading\">\r\n\t        \t        <h1 class=\"main-head\">Digital y Offset<\/h1>\t    <\/div>\r\n\t    \t\t\t\t<\/div>\n\t\t\t\t<\/div>\n\t\t\t\t<div class=\"elementor-element elementor-element-f667044 elementor-widget-divider--separator-type-pattern elementor-widget-divider--view-line elementor-widget elementor-widget-divider\" data-id=\"f667044\" data-element_type=\"widget\" data-e-type=\"widget\" data-widget_type=\"divider.default\">\n\t\t\t\t\t\t\t<div class=\"elementor-divider\" style=\"--divider-pattern-url: url(&quot;data:image\/svg+xml,%3Csvg xmlns=&#039;http:\/\/www.w3.org\/2000\/svg&#039; preserveAspectRatio=&#039;none&#039; overflow=&#039;visible&#039; height=&#039;100%&#039; viewBox=&#039;0 0 20 16&#039; fill=&#039;none&#039; stroke=&#039;black&#039; stroke-width=&#039;1&#039; stroke-linecap=&#039;square&#039; stroke-miterlimit=&#039;10&#039;%3E%3Cg transform=&#039;translate(-12.000000, 0)&#039;%3E%3Cpath d=&#039;M28,0L10,18&#039;\/%3E%3Cpath d=&#039;M18,0L0,18&#039;\/%3E%3Cpath d=&#039;M48,0L30,18&#039;\/%3E%3Cpath d=&#039;M38,0L20,18&#039;\/%3E%3C\/g%3E%3C\/svg%3E&quot;);\">\n\t\t\t<span class=\"elementor-divider-separator\">\n\t\t\t\t\t\t<\/span>\n\t\t<\/div>\n\t\t\t\t\t\t<\/div>\n\t\t\t\t<div class=\"elementor-element elementor-element-0baf5ca elementor-widget elementor-widget-text-editor\" data-id=\"0baf5ca\" data-element_type=\"widget\" data-e-type=\"widget\" data-widget_type=\"text-editor.default\">\n\t\t\t\t\t\t\t\t\t<p>Impresiones de alta calidad para peque\u00f1as y grandes producciones.<\/p>\t\t\t\t\t\t\t\t<\/div>\n\t\t\t\t<div class=\"elementor-element elementor-element-b8a709d elementor-widget elementor-widget-image\" data-id=\"b8a709d\" data-element_type=\"widget\" data-e-type=\"widget\" data-widget_type=\"image.default\">\n\t\t\t\t\t\t\t\t\t\t\t\t\t\t\t<img fetchpriority=\"high\" decoding=\"async\" width=\"1024\" height=\"559\" src=\"https:\/\/printingdelconosur.com\/wp-content\/uploads\/2026\/05\/img_digital-1024x559.jpg\" class=\"attachment-large size-large wp-image-98\" alt=\"\" srcset=\"https:\/\/printingdelconosur.com\/wp-content\/uploads\/2026\/05\/img_digital-1024x559.jpg 1024w, https:\/\/printingdelconosur.com\/wp-content\/uploads\/2026\/05\/img_digital-300x164.jpg 300w, https:\/\/printingdelconosur.com\/wp-content\/uploads\/2026\/05\/img_digital-768x419.jpg 768w, https:\/\/printingdelconosur.com\/wp-content\/uploads\/2026\/05\/img_digital.jpg 1100w\" sizes=\"(max-width: 1024px) 100vw, 1024px\" \/>\t\t\t\t\t\t\t\t\t\t\t\t\t\t\t<\/div>\n\t\t\t\t<div class=\"elementor-element elementor-element-1e75f8e elementor-align-center elementor-widget elementor-widget-button\" data-id=\"1e75f8e\" data-element_type=\"widget\" data-e-type=\"widget\" data-widget_type=\"button.default\">\n\t\t\t\t\t\t\t\t\t\t<a class=\"elementor-button elementor-button-link elementor-size-sm\" href=\"#\">\n\t\t\t\t\t\t<span class=\"elementor-button-content-wrapper\">\n\t\t\t\t\t\t\t\t\t<span class=\"elementor-button-text\">Cotizar ahora<\/span>\n\t\t\t\t\t<\/span>\n\t\t\t\t\t<\/a>\n\t\t\t\t\t\t\t\t<\/div>\n\t\t\t\t\t<\/div>\n\t\t\t\t<\/div>\n\t\t<div class=\"elementor-element elementor-element-303e26b e-flex e-con-boxed e-con e-parent\" data-id=\"303e26b\" data-element_type=\"container\" data-e-type=\"container\" id=\"gran\" data-settings=\"{&quot;background_background&quot;:&quot;classic&quot;}\">\n\t\t\t\t\t<div class=\"e-con-inner\">\n\t\t<div class=\"elementor-element elementor-element-b2e48fb e-con-full e-flex e-con e-child\" data-id=\"b2e48fb\" data-element_type=\"container\" data-e-type=\"container\" data-settings=\"{&quot;background_background&quot;:&quot;classic&quot;}\">\n\t\t\t\t<div class=\"elementor-element elementor-element-c899920 elementor-widget elementor-widget-iheading\" data-id=\"c899920\" data-element_type=\"widget\" data-e-type=\"widget\" data-widget_type=\"iheading.default\">\n\t\t\t\t<div class=\"elementor-widget-container\">\n\t\t\t\t\t\t\t<div class=\"ot-heading\">\r\n\t        \t        <h1 class=\"main-head\">Gran Formato<\/h1>\t    <\/div>\r\n\t    \t\t\t\t<\/div>\n\t\t\t\t<\/div>\n\t\t\t\t<div class=\"elementor-element elementor-element-1ceb9be elementor-widget-divider--separator-type-pattern elementor-widget-divider--view-line elementor-widget elementor-widget-divider\" data-id=\"1ceb9be\" data-element_type=\"widget\" data-e-type=\"widget\" data-widget_type=\"divider.default\">\n\t\t\t\t\t\t\t<div class=\"elementor-divider\" style=\"--divider-pattern-url: url(&quot;data:image\/svg+xml,%3Csvg xmlns=&#039;http:\/\/www.w3.org\/2000\/svg&#039; preserveAspectRatio=&#039;none&#039; overflow=&#039;visible&#039; height=&#039;100%&#039; viewBox=&#039;0 0 20 16&#039; fill=&#039;none&#039; stroke=&#039;black&#039; stroke-width=&#039;1&#039; stroke-linecap=&#039;square&#039; stroke-miterlimit=&#039;10&#039;%3E%3Cg transform=&#039;translate(-12.000000, 0)&#039;%3E%3Cpath d=&#039;M28,0L10,18&#039;\/%3E%3Cpath d=&#039;M18,0L0,18&#039;\/%3E%3Cpath d=&#039;M48,0L30,18&#039;\/%3E%3Cpath d=&#039;M38,0L20,18&#039;\/%3E%3C\/g%3E%3C\/svg%3E&quot;);\">\n\t\t\t<span class=\"elementor-divider-separator\">\n\t\t\t\t\t\t<\/span>\n\t\t<\/div>\n\t\t\t\t\t\t<\/div>\n\t\t\t\t<div class=\"elementor-element elementor-element-08ca68a elementor-widget elementor-widget-text-editor\" data-id=\"08ca68a\" data-element_type=\"widget\" data-e-type=\"widget\" data-widget_type=\"text-editor.default\">\n\t\t\t\t\t\t\t\t\t<p>Banners, se\u00f1alizaci\u00f3n, vinilos y piezas visuales de gran impacto.<\/p>\t\t\t\t\t\t\t\t<\/div>\n\t\t\t\t<div class=\"elementor-element elementor-element-9b275c6 elementor-widget elementor-widget-button\" data-id=\"9b275c6\" data-element_type=\"widget\" data-e-type=\"widget\" data-widget_type=\"button.default\">\n\t\t\t\t\t\t\t\t\t\t<a class=\"elementor-button elementor-button-link elementor-size-sm\" href=\"#\">\n\t\t\t\t\t\t<span class=\"elementor-button-content-wrapper\">\n\t\t\t\t\t\t\t\t\t<span class=\"elementor-button-text\">Cotizar ahora<\/span>\n\t\t\t\t\t<\/span>\n\t\t\t\t\t<\/a>\n\t\t\t\t\t\t\t\t<\/div>\n\t\t\t\t<\/div>\n\t\t<div class=\"elementor-element elementor-element-c94ceca e-con-full e-flex e-con e-child\" data-id=\"c94ceca\" data-element_type=\"container\" data-e-type=\"container\">\n\t\t\t\t<\/div>\n\t\t\t\t\t<\/div>\n\t\t\t\t<\/div>\n\t\t<div class=\"elementor-element elementor-element-68578e9 e-flex e-con-boxed e-con e-parent\" data-id=\"68578e9\" data-element_type=\"container\" data-e-type=\"container\" id=\"promos\">\n\t\t\t\t\t<div class=\"e-con-inner\">\n\t\t\t\t<div class=\"elementor-element elementor-element-c659f7c elementor-widget elementor-widget-iheading\" data-id=\"c659f7c\" data-element_type=\"widget\" data-e-type=\"widget\" data-widget_type=\"iheading.default\">\n\t\t\t\t<div class=\"elementor-widget-container\">\n\t\t\t\t\t\t\t<div class=\"ot-heading\">\r\n\t        \t        <h1 class=\"main-head\">Promocionales<\/h1>\t    <\/div>\r\n\t    \t\t\t\t<\/div>\n\t\t\t\t<\/div>\n\t\t\t\t<div class=\"elementor-element elementor-element-2e9bc26 elementor-widget-divider--separator-type-pattern elementor-widget-divider--view-line elementor-widget elementor-widget-divider\" data-id=\"2e9bc26\" data-element_type=\"widget\" data-e-type=\"widget\" data-widget_type=\"divider.default\">\n\t\t\t\t\t\t\t<div class=\"elementor-divider\" style=\"--divider-pattern-url: url(&quot;data:image\/svg+xml,%3Csvg xmlns=&#039;http:\/\/www.w3.org\/2000\/svg&#039; preserveAspectRatio=&#039;none&#039; overflow=&#039;visible&#039; height=&#039;100%&#039; viewBox=&#039;0 0 20 16&#039; fill=&#039;none&#039; stroke=&#039;black&#039; stroke-width=&#039;1&#039; stroke-linecap=&#039;square&#039; stroke-miterlimit=&#039;10&#039;%3E%3Cg transform=&#039;translate(-12.000000, 0)&#039;%3E%3Cpath d=&#039;M28,0L10,18&#039;\/%3E%3Cpath d=&#039;M18,0L0,18&#039;\/%3E%3Cpath d=&#039;M48,0L30,18&#039;\/%3E%3Cpath d=&#039;M38,0L20,18&#039;\/%3E%3C\/g%3E%3C\/svg%3E&quot;);\">\n\t\t\t<span class=\"elementor-divider-separator\">\n\t\t\t\t\t\t<\/span>\n\t\t<\/div>\n\t\t\t\t\t\t<\/div>\n\t\t\t\t<div class=\"elementor-element elementor-element-423ede4 elementor-widget elementor-widget-text-editor\" data-id=\"423ede4\" data-element_type=\"widget\" data-e-type=\"widget\" data-widget_type=\"text-editor.default\">\n\t\t\t\t\t\t\t\t\t<p>Art\u00edculos personalizados para fortalecer tu marca y campa\u00f1as comerciales.<\/p>\t\t\t\t\t\t\t\t<\/div>\n\t\t\t\t<div class=\"elementor-element elementor-element-945f7df elementor-widget elementor-widget-image\" data-id=\"945f7df\" data-element_type=\"widget\" data-e-type=\"widget\" data-widget_type=\"image.default\">\n\t\t\t\t\t\t\t\t\t\t\t\t\t\t\t<img decoding=\"async\" width=\"1024\" height=\"559\" src=\"https:\/\/printingdelconosur.com\/wp-content\/uploads\/2026\/05\/banner_promocionales-1024x559.jpg\" class=\"attachment-large size-large wp-image-116\" alt=\"\" srcset=\"https:\/\/printingdelconosur.com\/wp-content\/uploads\/2026\/05\/banner_promocionales-1024x559.jpg 1024w, https:\/\/printingdelconosur.com\/wp-content\/uploads\/2026\/05\/banner_promocionales-300x164.jpg 300w, https:\/\/printingdelconosur.com\/wp-content\/uploads\/2026\/05\/banner_promocionales-768x419.jpg 768w, https:\/\/printingdelconosur.com\/wp-content\/uploads\/2026\/05\/banner_promocionales.jpg 1100w\" sizes=\"(max-width: 1024px) 100vw, 1024px\" \/>\t\t\t\t\t\t\t\t\t\t\t\t\t\t\t<\/div>\n\t\t\t\t\t<\/div>\n\t\t\t\t<\/div>\n\t\t\t\t<\/div>\n\t\t","protected":false},"excerpt":{"rendered":"<p>Soluciones integrales en impresi\u00f3n y producci\u00f3n gr\u00e1fica Editorial, impresi\u00f3n digital, offset, gran formato y promocionales con calidad profesional. Cotizar ahora Ver servicios Editorial Producci\u00f3n editorial profesional para libros, revistas, cat\u00e1logos y material corporativo. Ver Servicio Digital y Offset Impresiones de alta calidad para peque\u00f1as y grandes producciones. Ver Servicio Gran Formato Banners, se\u00f1alizaci\u00f3n, vinilos y [&hellip;]<\/p>\n","protected":false},"author":1,"featured_media":0,"parent":0,"menu_order":0,"comment_status":"closed","ping_status":"closed","template":"","meta":{"footnotes":""},"class_list":["post-33","page","type-page","status-publish","hentry"],"_links":{"self":[{"href":"https:\/\/printingdelconosur.com\/index.php?rest_route=\/wp\/v2\/pages\/33","targetHints":{"allow":["GET"]}}],"collection":[{"href":"https:\/\/printingdelconosur.com\/index.php?rest_route=\/wp\/v2\/pages"}],"about":[{"href":"https:\/\/printingdelconosur.com\/index.php?rest_route=\/wp\/v2\/types\/page"}],"author":[{"embeddable":true,"href":"https:\/\/printingdelconosur.com\/index.php?rest_route=\/wp\/v2\/users\/1"}],"replies":[{"embeddable":true,"href":"https:\/\/printingdelconosur.com\/index.php?rest_route=%2Fwp%2Fv2%2Fcomments&post=33"}],"version-history":[{"count":70,"href":"https:\/\/printingdelconosur.com\/index.php?rest_route=\/wp\/v2\/pages\/33\/revisions"}],"predecessor-version":[{"id":129,"href":"https:\/\/printingdelconosur.com\/index.php?rest_route=\/wp\/v2\/pages\/33\/revisions\/129"}],"wp:attachment":[{"href":"https:\/\/printingdelconosur.com\/index.php?rest_route=%2Fwp%2Fv2%2Fmedia&parent=33"}],"curies":[{"name":"wp","href":"https:\/\/api.w.org\/{rel}","templated":true}]}}